{"id":653,"date":"2023-04-11T11:42:19","date_gmt":"2023-04-11T11:42:19","guid":{"rendered":"https:\/\/csmsigorta.com.tr\/tarim-sigortasi\/?page_id=653"},"modified":"2023-04-11T13:09:36","modified_gmt":"2023-04-11T13:09:36","slug":"sigortalar","status":"publish","type":"page","link":"https:\/\/csmsigorta.com.tr\/tarim-sigortasi\/sigortalar\/","title":{"rendered":"Sigortalar"},"content":{"rendered":"\t\t<div data-elementor-type=\"wp-page\" data-elementor-id=\"653\" class=\"elementor elementor-653\">\n\t\t\t\t\t\t\t\t\t<section class=\"elementor-section elementor-top-section elementor-element elementor-element-355abedc elementor-section-boxed elementor-section-height-default elementor-section-height-default tf-sticky-section tf-sticky-no\" data-id=\"355abedc\" data-element_type=\"section\" data-settings=\"{&quot;background_background&quot;:&quot;classic&quot;,&quot;tf_sticky&quot;:&quot;no&quot;}\">\n\t\t\t\t\t\t\t<div class=\"elementor-background-overlay\"><\/div>\n\t\t\t\t\t\t\t<div class=\"elementor-container elementor-column-gap-default\">\n\t\t\t\t\t<div class=\"elementor-column elementor-col-100 elementor-top-column elementor-element elementor-element-3f324964\" data-id=\"3f324964\" data-element_type=\"column\">\n\t\t\t<div class=\"elementor-widget-wrap elementor-element-populated\">\n\t\t\t\t\t\t\t\t\t<\/div>\n\t\t<\/div>\n\t\t\t\t\t\t\t<\/div>\n\t\t<\/section>\n\t\t\t\t<section class=\"elementor-section elementor-top-section elementor-element elementor-element-2dc07d71 elementor-section-boxed elementor-section-height-default elementor-section-height-default tf-sticky-section tf-sticky-no\" data-id=\"2dc07d71\" data-element_type=\"section\" data-settings=\"{&quot;tf_sticky&quot;:&quot;no&quot;}\">\n\t\t\t\t\t\t<div class=\"elementor-container elementor-column-gap-default\">\n\t\t\t\t\t<div class=\"elementor-column elementor-col-50 elementor-top-column elementor-element elementor-element-68692693\" data-id=\"68692693\" data-element_type=\"column\">\n\t\t\t<div class=\"elementor-widget-wrap elementor-element-populated\">\n\t\t\t\t\t\t\t\t<section class=\"elementor-section elementor-inner-section elementor-element elementor-element-667a881c elementor-section-boxed elementor-section-height-default elementor-section-height-default tf-sticky-section tf-sticky-no\" data-id=\"667a881c\" data-element_type=\"section\" data-settings=\"{&quot;tf_sticky&quot;:&quot;no&quot;}\">\n\t\t\t\t\t\t<div class=\"elementor-container elementor-column-gap-default\">\n\t\t\t\t\t<div class=\"elementor-column elementor-col-100 elementor-inner-column elementor-element elementor-element-41e524a9 elementor-invisible\" data-id=\"41e524a9\" data-element_type=\"column\" data-settings=\"{&quot;animation&quot;:&quot;fadeInUp&quot;}\">\n\t\t\t<div class=\"elementor-widget-wrap elementor-element-populated\">\n\t\t\t\t\t\t\t\t<div class=\"elementor-element elementor-element-3bea6f9a elementor-widget elementor-widget-image\" data-id=\"3bea6f9a\" data-element_type=\"widget\" data-widget_type=\"image.default\">\n\t\t\t\t<div class=\"elementor-widget-container\">\n\t\t\t<style>\/*! elementor - v3.12.2 - 23-04-2023 *\/\n.elementor-widget-image{text-align:center}.elementor-widget-image a{display:inline-block}.elementor-widget-image a img[src$=\".svg\"]{width:48px}.elementor-widget-image img{vertical-align:middle;display:inline-block}<\/style>\t\t\t\t\t\t\t\t\t\t\t\t<img loading=\"lazy\" decoding=\"async\" width=\"1024\" height=\"689\" src=\"https:\/\/csmsigorta.com.tr\/tarim-sigortasi\/wp-content\/uploads\/2023\/04\/tarim.jpg\" class=\"attachment-large size-large wp-image-656\" alt=\"\" \/>\t\t\t\t\t\t\t\t\t\t\t\t\t\t\t<\/div>\n\t\t\t\t<\/div>\n\t\t\t\t<section class=\"elementor-section elementor-inner-section elementor-element elementor-element-39b67f90 elementor-section-boxed elementor-section-height-default elementor-section-height-default tf-sticky-section tf-sticky-no\" data-id=\"39b67f90\" data-element_type=\"section\" data-settings=\"{&quot;tf_sticky&quot;:&quot;no&quot;}\">\n\t\t\t\t\t\t<div class=\"elementor-container elementor-column-gap-default\">\n\t\t\t\t\t<div class=\"elementor-column elementor-col-50 elementor-inner-column elementor-element elementor-element-35781d72\" data-id=\"35781d72\" data-element_type=\"column\">\n\t\t\t<div class=\"elementor-widget-wrap elementor-element-populated\">\n\t\t\t\t\t\t\t\t<div class=\"elementor-element elementor-element-3d809ac0 elementor-widget elementor-widget-image\" data-id=\"3d809ac0\" data-element_type=\"widget\" data-widget_type=\"image.default\">\n\t\t\t\t<div class=\"elementor-widget-container\">\n\t\t\t\t\t\t\t\t\t\t\t\t\t\t\t<img loading=\"lazy\" decoding=\"async\" width=\"82\" height=\"62\" src=\"https:\/\/csmsigorta.com.tr\/tarim-sigortasi\/wp-content\/uploads\/2023\/04\/icon-carefully-3.png\" class=\"attachment-full size-full wp-image-284\" alt=\"\" \/>\t\t\t\t\t\t\t\t\t\t\t\t\t\t\t<\/div>\n\t\t\t\t<\/div>\n\t\t\t\t\t<\/div>\n\t\t<\/div>\n\t\t\t\t<div class=\"elementor-column elementor-col-50 elementor-inner-column elementor-element elementor-element-27b025b9\" data-id=\"27b025b9\" data-element_type=\"column\">\n\t\t\t<div class=\"elementor-widget-wrap elementor-element-populated\">\n\t\t\t\t\t\t\t\t<div class=\"elementor-element elementor-element-5df416dd elementor-tablet-align-center elementor-icon-list--layout-traditional elementor-list-item-link-full_width elementor-widget elementor-widget-icon-list\" data-id=\"5df416dd\" data-element_type=\"widget\" data-widget_type=\"icon-list.default\">\n\t\t\t\t<div class=\"elementor-widget-container\">\n\t\t\t<link rel=\"stylesheet\" href=\"https:\/\/csmsigorta.com.tr\/tarim-sigortasi\/wp-content\/plugins\/elementor\/assets\/css\/widget-icon-list.min.css\">\t\t<ul class=\"elementor-icon-list-items\">\n\t\t\t\t\t\t\t<li class=\"elementor-icon-list-item\">\n\t\t\t\t\t\t\t\t\t\t\t<a href=\"https:\/\/csmsigorta.com.tr\/tarim-sigortasi\/bitkisel-urun-sigortasi\/\">\n\n\t\t\t\t\t\t\t\t\t\t\t<span class=\"elementor-icon-list-text\">Bitkisel \u00dcr\u00fcn Sigortas\u0131<\/span>\n\t\t\t\t\t\t\t\t\t\t\t<\/a>\n\t\t\t\t\t\t\t\t\t<\/li>\n\t\t\t\t\t\t<\/ul>\n\t\t\t\t<\/div>\n\t\t\t\t<\/div>\n\t\t\t\t<div class=\"elementor-element elementor-element-7f2d2724 elementor-widget elementor-widget-text-editor\" data-id=\"7f2d2724\" data-element_type=\"widget\" data-widget_type=\"text-editor.default\">\n\t\t\t\t<div class=\"elementor-widget-container\">\n\t\t\t<style>\/*! elementor - v3.12.2 - 23-04-2023 *\/\n.elementor-widget-text-editor.elementor-drop-cap-view-stacked .elementor-drop-cap{background-color:#69727d;color:#fff}.elementor-widget-text-editor.elementor-drop-cap-view-framed .elementor-drop-cap{color:#69727d;border:3px solid;background-color:transparent}.elementor-widget-text-editor:not(.elementor-drop-cap-view-default) .elementor-drop-cap{margin-top:8px}.elementor-widget-text-editor:not(.elementor-drop-cap-view-default) .elementor-drop-cap-letter{width:1em;height:1em}.elementor-widget-text-editor .elementor-drop-cap{float:left;text-align:center;line-height:1;font-size:50px}.elementor-widget-text-editor .elementor-drop-cap-letter{display:inline-block}<\/style>\t\t\t\t<p>T\u00fcm bitkisel \u00fcr\u00fcnler i\u00e7in; Dolu, f\u0131rt\u0131na, hortum, yang\u0131n, deprem, heyelan, sel ve su bask\u0131n\u0131n\u0131n \u00fcr\u00fcnlerde neden oldu\u011fu miktar kayb\u0131&#8230;<\/p>\t\t\t\t\t\t<\/div>\n\t\t\t\t<\/div>\n\t\t\t\t\t<\/div>\n\t\t<\/div>\n\t\t\t\t\t\t\t<\/div>\n\t\t<\/section>\n\t\t\t\t<div class=\"elementor-element elementor-element-4a624040 elementor-align-center elementor-widget elementor-widget-button\" data-id=\"4a624040\" data-element_type=\"widget\" data-widget_type=\"button.default\">\n\t\t\t\t<div class=\"elementor-widget-container\">\n\t\t\t\t\t<div class=\"elementor-button-wrapper\">\n\t\t\t<a href=\"https:\/\/csmsigorta.com.tr\/tarim-sigortasi\/bitkisel-urun-sigortasi\/\" class=\"elementor-button-link elementor-button elementor-size-sm\" role=\"button\">\n\t\t\t\t\t\t<span class=\"elementor-button-content-wrapper\">\n\t\t\t\t\t\t\t<span class=\"elementor-button-icon elementor-align-icon-right\">\n\t\t\t\t<i aria-hidden=\"true\" class=\"fas fa-arrow-right\"><\/i>\t\t\t<\/span>\n\t\t\t\t\t\t<span class=\"elementor-button-text\">\u0130ncele<\/span>\n\t\t<\/span>\n\t\t\t\t\t<\/a>\n\t\t<\/div>\n\t\t\t\t<\/div>\n\t\t\t\t<\/div>\n\t\t\t\t\t<\/div>\n\t\t<\/div>\n\t\t\t\t\t\t\t<\/div>\n\t\t<\/section>\n\t\t\t\t\t<\/div>\n\t\t<\/div>\n\t\t\t\t<div class=\"elementor-column elementor-col-50 elementor-top-column elementor-element elementor-element-bd06a98\" data-id=\"bd06a98\" data-element_type=\"column\">\n\t\t\t<div class=\"elementor-widget-wrap elementor-element-populated\">\n\t\t\t\t\t\t\t\t<section class=\"elementor-section elementor-inner-section elementor-element elementor-element-326fcb4 elementor-section-boxed elementor-section-height-default elementor-section-height-default tf-sticky-section tf-sticky-no\" data-id=\"326fcb4\" data-element_type=\"section\" data-settings=\"{&quot;tf_sticky&quot;:&quot;no&quot;}\">\n\t\t\t\t\t\t<div class=\"elementor-container elementor-column-gap-default\">\n\t\t\t\t\t<div class=\"elementor-column elementor-col-100 elementor-inner-column elementor-element elementor-element-b318c67 elementor-invisible\" data-id=\"b318c67\" data-element_type=\"column\" data-settings=\"{&quot;animation&quot;:&quot;fadeInUp&quot;}\">\n\t\t\t<div class=\"elementor-widget-wrap elementor-element-populated\">\n\t\t\t\t\t\t\t\t<div class=\"elementor-element elementor-element-97bd5e2 elementor-widget elementor-widget-image\" data-id=\"97bd5e2\" data-element_type=\"widget\" data-widget_type=\"image.default\">\n\t\t\t\t<div class=\"elementor-widget-container\">\n\t\t\t\t\t\t\t\t\t\t\t\t\t\t\t<img loading=\"lazy\" decoding=\"async\" width=\"1024\" height=\"689\" src=\"https:\/\/csmsigorta.com.tr\/tarim-sigortasi\/wp-content\/uploads\/2023\/04\/sera-1.jpg\" class=\"attachment-large size-large wp-image-655\" alt=\"\" \/>\t\t\t\t\t\t\t\t\t\t\t\t\t\t\t<\/div>\n\t\t\t\t<\/div>\n\t\t\t\t<section class=\"elementor-section elementor-inner-section elementor-element elementor-element-daa719f elementor-section-boxed elementor-section-height-default elementor-section-height-default tf-sticky-section tf-sticky-no\" data-id=\"daa719f\" data-element_type=\"section\" data-settings=\"{&quot;tf_sticky&quot;:&quot;no&quot;}\">\n\t\t\t\t\t\t<div class=\"elementor-container elementor-column-gap-default\">\n\t\t\t\t\t<div class=\"elementor-column elementor-col-50 elementor-inner-column elementor-element elementor-element-0911588\" data-id=\"0911588\" data-element_type=\"column\">\n\t\t\t<div class=\"elementor-widget-wrap elementor-element-populated\">\n\t\t\t\t\t\t\t\t<div class=\"elementor-element elementor-element-bbdf02d elementor-widget elementor-widget-image\" data-id=\"bbdf02d\" data-element_type=\"widget\" data-widget_type=\"image.default\">\n\t\t\t\t<div class=\"elementor-widget-container\">\n\t\t\t\t\t\t\t\t\t\t\t\t\t\t\t<img loading=\"lazy\" decoding=\"async\" width=\"82\" height=\"57\" src=\"https:\/\/csmsigorta.com.tr\/tarim-sigortasi\/wp-content\/uploads\/2023\/04\/icon-carefully-4.png\" class=\"attachment-full size-full wp-image-298\" alt=\"\" \/>\t\t\t\t\t\t\t\t\t\t\t\t\t\t\t<\/div>\n\t\t\t\t<\/div>\n\t\t\t\t\t<\/div>\n\t\t<\/div>\n\t\t\t\t<div class=\"elementor-column elementor-col-50 elementor-inner-column elementor-element elementor-element-fed0749\" data-id=\"fed0749\" data-element_type=\"column\">\n\t\t\t<div class=\"elementor-widget-wrap elementor-element-populated\">\n\t\t\t\t\t\t\t\t<div class=\"elementor-element elementor-element-90a0fba elementor-tablet-align-center elementor-icon-list--layout-traditional elementor-list-item-link-full_width elementor-widget elementor-widget-icon-list\" data-id=\"90a0fba\" data-element_type=\"widget\" data-widget_type=\"icon-list.default\">\n\t\t\t\t<div class=\"elementor-widget-container\">\n\t\t\t\t\t<ul class=\"elementor-icon-list-items\">\n\t\t\t\t\t\t\t<li class=\"elementor-icon-list-item\">\n\t\t\t\t\t\t\t\t\t\t\t<a href=\"https:\/\/csmsigorta.com.tr\/tarim-sigortasi\/sera-sigortasi\/\">\n\n\t\t\t\t\t\t\t\t\t\t\t<span class=\"elementor-icon-list-text\">Sera Sigortas\u0131<\/span>\n\t\t\t\t\t\t\t\t\t\t\t<\/a>\n\t\t\t\t\t\t\t\t\t<\/li>\n\t\t\t\t\t\t<\/ul>\n\t\t\t\t<\/div>\n\t\t\t\t<\/div>\n\t\t\t\t<div class=\"elementor-element elementor-element-48ed344 elementor-widget elementor-widget-text-editor\" data-id=\"48ed344\" data-element_type=\"widget\" data-widget_type=\"text-editor.default\">\n\t\t\t\t<div class=\"elementor-widget-container\">\n\t\t\t\t\t\t\t<p>Sera yap\u0131 malzemeleri, i\u00e7indeki teknik donan\u0131m ve serada yeti\u015ftirilen bitkisel \u00fcr\u00fcnler i\u00e7in risk inceleme ve de\u011ferlendirme&#8230;<\/p>\t\t\t\t\t\t<\/div>\n\t\t\t\t<\/div>\n\t\t\t\t\t<\/div>\n\t\t<\/div>\n\t\t\t\t\t\t\t<\/div>\n\t\t<\/section>\n\t\t\t\t<div class=\"elementor-element elementor-element-b8c492c elementor-align-center elementor-widget elementor-widget-button\" data-id=\"b8c492c\" data-element_type=\"widget\" data-widget_type=\"button.default\">\n\t\t\t\t<div class=\"elementor-widget-container\">\n\t\t\t\t\t<div class=\"elementor-button-wrapper\">\n\t\t\t<a href=\"https:\/\/csmsigorta.com.tr\/tarim-sigortasi\/sera-sigortasi\/\" class=\"elementor-button-link elementor-button elementor-size-sm\" role=\"button\">\n\t\t\t\t\t\t<span class=\"elementor-button-content-wrapper\">\n\t\t\t\t\t\t\t<span class=\"elementor-button-icon elementor-align-icon-right\">\n\t\t\t\t<i aria-hidden=\"true\" class=\"fas fa-arrow-right\"><\/i>\t\t\t<\/span>\n\t\t\t\t\t\t<span class=\"elementor-button-text\">\u0130ncele<\/span>\n\t\t<\/span>\n\t\t\t\t\t<\/a>\n\t\t<\/div>\n\t\t\t\t<\/div>\n\t\t\t\t<\/div>\n\t\t\t\t\t<\/div>\n\t\t<\/div>\n\t\t\t\t\t\t\t<\/div>\n\t\t<\/section>\n\t\t\t\t\t<\/div>\n\t\t<\/div>\n\t\t\t\t\t\t\t<\/div>\n\t\t<\/section>\n\t\t\t\t\t\t\t<\/div>\n\t\t","protected":false},"excerpt":{"rendered":"<p>Bitkisel \u00dcr\u00fcn Sigortas\u0131 T\u00fcm bitkisel \u00fcr\u00fcnler i\u00e7in; Dolu, f\u0131rt\u0131na, hortum, yang\u0131n, deprem, heyelan, sel ve su bask\u0131n\u0131n\u0131n \u00fcr\u00fcnlerde neden oldu\u011fu miktar kayb\u0131&#8230; \u0130ncele Sera Sigortas\u0131 Sera yap\u0131 malzemeleri, i\u00e7indeki teknik donan\u0131m ve serada yeti\u015ftirilen bitkisel \u00fcr\u00fcnler i\u00e7in risk inceleme ve de\u011ferlendirme&#8230; \u0130ncele<\/p>\n","protected":false},"author":1,"featured_media":0,"parent":0,"menu_order":0,"comment_status":"closed","ping_status":"closed","template":"elementor_header_footer","meta":{"footnotes":""},"class_list":["post-653","page","type-page","status-publish"],"yoast_head":"<!-- This site is optimized with the Yoast SEO plugin v20.6 - https:\/\/yoast.com\/wordpress\/plugins\/seo\/ -->\n<title>Sigortalar - Tar\u0131m<\/title>\n<meta name=\"robots\" content=\"index, follow, max-snippet:-1, max-image-preview:large, max-video-preview:-1\" \/>\n<link rel=\"canonical\" href=\"https:\/\/csmsigorta.com.tr\/tarim-sigortasi\/sigortalar\/\" \/>\n<meta property=\"og:locale\" content=\"tr_TR\" \/>\n<meta property=\"og:type\" content=\"article\" \/>\n<meta property=\"og:title\" content=\"Sigortalar - Tar\u0131m\" \/>\n<meta property=\"og:description\" content=\"Bitkisel \u00dcr\u00fcn Sigortas\u0131 T\u00fcm bitkisel \u00fcr\u00fcnler i\u00e7in; Dolu, f\u0131rt\u0131na, hortum, yang\u0131n, deprem, heyelan, sel ve su bask\u0131n\u0131n\u0131n \u00fcr\u00fcnlerde neden oldu\u011fu miktar kayb\u0131&#8230; \u0130ncele Sera Sigortas\u0131 Sera yap\u0131 malzemeleri, i\u00e7indeki teknik donan\u0131m ve serada yeti\u015ftirilen bitkisel \u00fcr\u00fcnler i\u00e7in risk inceleme ve de\u011ferlendirme&#8230; \u0130ncele\" \/>\n<meta property=\"og:url\" content=\"https:\/\/csmsigorta.com.tr\/tarim-sigortasi\/sigortalar\/\" \/>\n<meta property=\"og:site_name\" content=\"Tar\u0131m\" \/>\n<meta property=\"article:modified_time\" content=\"2023-04-11T13:09:36+00:00\" \/>\n<meta property=\"og:image\" content=\"http:\/\/csmsigorta.com.tr\/tarim-sigortasi\/wp-content\/uploads\/2023\/04\/tarim-1024x689.jpg\" \/>\n<meta name=\"twitter:card\" content=\"summary_large_image\" \/>\n<script type=\"application\/ld+json\" class=\"yoast-schema-graph\">{\"@context\":\"https:\/\/schema.org\",\"@graph\":[{\"@type\":\"WebPage\",\"@id\":\"https:\/\/csmsigorta.com.tr\/tarim-sigortasi\/sigortalar\/\",\"url\":\"https:\/\/csmsigorta.com.tr\/tarim-sigortasi\/sigortalar\/\",\"name\":\"Sigortalar - Tar\u0131m\",\"isPartOf\":{\"@id\":\"https:\/\/csmsigorta.com.tr\/tarim-sigortasi\/#website\"},\"datePublished\":\"2023-04-11T11:42:19+00:00\",\"dateModified\":\"2023-04-11T13:09:36+00:00\",\"breadcrumb\":{\"@id\":\"https:\/\/csmsigorta.com.tr\/tarim-sigortasi\/sigortalar\/#breadcrumb\"},\"inLanguage\":\"tr\",\"potentialAction\":[{\"@type\":\"ReadAction\",\"target\":[\"https:\/\/csmsigorta.com.tr\/tarim-sigortasi\/sigortalar\/\"]}]},{\"@type\":\"BreadcrumbList\",\"@id\":\"https:\/\/csmsigorta.com.tr\/tarim-sigortasi\/sigortalar\/#breadcrumb\",\"itemListElement\":[{\"@type\":\"ListItem\",\"position\":1,\"name\":\"Anasayfa\",\"item\":\"https:\/\/csmsigorta.com.tr\/tarim-sigortasi\/\"},{\"@type\":\"ListItem\",\"position\":2,\"name\":\"Sigortalar\"}]},{\"@type\":\"WebSite\",\"@id\":\"https:\/\/csmsigorta.com.tr\/tarim-sigortasi\/#website\",\"url\":\"https:\/\/csmsigorta.com.tr\/tarim-sigortasi\/\",\"name\":\"Tar\u0131m\",\"description\":\"Sigortas\u0131\",\"publisher\":{\"@id\":\"https:\/\/csmsigorta.com.tr\/tarim-sigortasi\/#organization\"},\"potentialAction\":[{\"@type\":\"SearchAction\",\"target\":{\"@type\":\"EntryPoint\",\"urlTemplate\":\"https:\/\/csmsigorta.com.tr\/tarim-sigortasi\/?s={search_term_string}\"},\"query-input\":\"required name=search_term_string\"}],\"inLanguage\":\"tr\"},{\"@type\":\"Organization\",\"@id\":\"https:\/\/csmsigorta.com.tr\/tarim-sigortasi\/#organization\",\"name\":\"Tar\u0131m\",\"url\":\"https:\/\/csmsigorta.com.tr\/tarim-sigortasi\/\",\"logo\":{\"@type\":\"ImageObject\",\"inLanguage\":\"tr\",\"@id\":\"https:\/\/csmsigorta.com.tr\/tarim-sigortasi\/#\/schema\/logo\/image\/\",\"url\":\"https:\/\/csmsigorta.com.tr\/tarim-sigortasi\/wp-content\/uploads\/2023\/04\/csm-logo-1.png\",\"contentUrl\":\"https:\/\/csmsigorta.com.tr\/tarim-sigortasi\/wp-content\/uploads\/2023\/04\/csm-logo-1.png\",\"width\":607,\"height\":316,\"caption\":\"Tar\u0131m\"},\"image\":{\"@id\":\"https:\/\/csmsigorta.com.tr\/tarim-sigortasi\/#\/schema\/logo\/image\/\"}}]}<\/script>\n<!-- \/ Yoast SEO plugin. -->","yoast_head_json":{"title":"Sigortalar - Tar\u0131m","robots":{"index":"index","follow":"follow","max-snippet":"max-snippet:-1","max-image-preview":"max-image-preview:large","max-video-preview":"max-video-preview:-1"},"canonical":"https:\/\/csmsigorta.com.tr\/tarim-sigortasi\/sigortalar\/","og_locale":"tr_TR","og_type":"article","og_title":"Sigortalar - Tar\u0131m","og_description":"Bitkisel \u00dcr\u00fcn Sigortas\u0131 T\u00fcm bitkisel \u00fcr\u00fcnler i\u00e7in; Dolu, f\u0131rt\u0131na, hortum, yang\u0131n, deprem, heyelan, sel ve su bask\u0131n\u0131n\u0131n \u00fcr\u00fcnlerde neden oldu\u011fu miktar kayb\u0131&#8230; \u0130ncele Sera Sigortas\u0131 Sera yap\u0131 malzemeleri, i\u00e7indeki teknik donan\u0131m ve serada yeti\u015ftirilen bitkisel \u00fcr\u00fcnler i\u00e7in risk inceleme ve de\u011ferlendirme&#8230; \u0130ncele","og_url":"https:\/\/csmsigorta.com.tr\/tarim-sigortasi\/sigortalar\/","og_site_name":"Tar\u0131m","article_modified_time":"2023-04-11T13:09:36+00:00","og_image":[{"url":"http:\/\/csmsigorta.com.tr\/tarim-sigortasi\/wp-content\/uploads\/2023\/04\/tarim-1024x689.jpg"}],"twitter_card":"summary_large_image","schema":{"@context":"https:\/\/schema.org","@graph":[{"@type":"WebPage","@id":"https:\/\/csmsigorta.com.tr\/tarim-sigortasi\/sigortalar\/","url":"https:\/\/csmsigorta.com.tr\/tarim-sigortasi\/sigortalar\/","name":"Sigortalar - Tar\u0131m","isPartOf":{"@id":"https:\/\/csmsigorta.com.tr\/tarim-sigortasi\/#website"},"datePublished":"2023-04-11T11:42:19+00:00","dateModified":"2023-04-11T13:09:36+00:00","breadcrumb":{"@id":"https:\/\/csmsigorta.com.tr\/tarim-sigortasi\/sigortalar\/#breadcrumb"},"inLanguage":"tr","potentialAction":[{"@type":"ReadAction","target":["https:\/\/csmsigorta.com.tr\/tarim-sigortasi\/sigortalar\/"]}]},{"@type":"BreadcrumbList","@id":"https:\/\/csmsigorta.com.tr\/tarim-sigortasi\/sigortalar\/#breadcrumb","itemListElement":[{"@type":"ListItem","position":1,"name":"Anasayfa","item":"https:\/\/csmsigorta.com.tr\/tarim-sigortasi\/"},{"@type":"ListItem","position":2,"name":"Sigortalar"}]},{"@type":"WebSite","@id":"https:\/\/csmsigorta.com.tr\/tarim-sigortasi\/#website","url":"https:\/\/csmsigorta.com.tr\/tarim-sigortasi\/","name":"Tar\u0131m","description":"Sigortas\u0131","publisher":{"@id":"https:\/\/csmsigorta.com.tr\/tarim-sigortasi\/#organization"},"potentialAction":[{"@type":"SearchAction","target":{"@type":"EntryPoint","urlTemplate":"https:\/\/csmsigorta.com.tr\/tarim-sigortasi\/?s={search_term_string}"},"query-input":"required name=search_term_string"}],"inLanguage":"tr"},{"@type":"Organization","@id":"https:\/\/csmsigorta.com.tr\/tarim-sigortasi\/#organization","name":"Tar\u0131m","url":"https:\/\/csmsigorta.com.tr\/tarim-sigortasi\/","logo":{"@type":"ImageObject","inLanguage":"tr","@id":"https:\/\/csmsigorta.com.tr\/tarim-sigortasi\/#\/schema\/logo\/image\/","url":"https:\/\/csmsigorta.com.tr\/tarim-sigortasi\/wp-content\/uploads\/2023\/04\/csm-logo-1.png","contentUrl":"https:\/\/csmsigorta.com.tr\/tarim-sigortasi\/wp-content\/uploads\/2023\/04\/csm-logo-1.png","width":607,"height":316,"caption":"Tar\u0131m"},"image":{"@id":"https:\/\/csmsigorta.com.tr\/tarim-sigortasi\/#\/schema\/logo\/image\/"}}]}},"_links":{"self":[{"href":"https:\/\/csmsigorta.com.tr\/tarim-sigortasi\/wp-json\/wp\/v2\/pages\/653","targetHints":{"allow":["GET"]}}],"collection":[{"href":"https:\/\/csmsigorta.com.tr\/tarim-sigortasi\/wp-json\/wp\/v2\/pages"}],"about":[{"href":"https:\/\/csmsigorta.com.tr\/tarim-sigortasi\/wp-json\/wp\/v2\/types\/page"}],"author":[{"embeddable":true,"href":"https:\/\/csmsigorta.com.tr\/tarim-sigortasi\/wp-json\/wp\/v2\/users\/1"}],"replies":[{"embeddable":true,"href":"https:\/\/csmsigorta.com.tr\/tarim-sigortasi\/wp-json\/wp\/v2\/comments?post=653"}],"version-history":[{"count":7,"href":"https:\/\/csmsigorta.com.tr\/tarim-sigortasi\/wp-json\/wp\/v2\/pages\/653\/revisions"}],"predecessor-version":[{"id":662,"href":"https:\/\/csmsigorta.com.tr\/tarim-sigortasi\/wp-json\/wp\/v2\/pages\/653\/revisions\/662"}],"wp:attachment":[{"href":"https:\/\/csmsigorta.com.tr\/tarim-sigortasi\/wp-json\/wp\/v2\/media?parent=653"}],"curies":[{"name":"wp","href":"https:\/\/api.w.org\/{rel}","templated":true}]}}